{"id":3861,"date":"2023-07-03T13:09:17","date_gmt":"2023-07-03T13:09:17","guid":{"rendered":"https:\/\/on-light.fr\/?page_id=3861"},"modified":"2023-07-03T15:54:51","modified_gmt":"2023-07-03T15:54:51","slug":"mentions-legales","status":"publish","type":"page","link":"https:\/\/on-light.fr\/en\/mentions-legales","title":{"rendered":"Legal Notice"},"content":{"rendered":"<div data-elementor-type=\"wp-page\" data-elementor-id=\"3861\" class=\"elementor elementor-3861\">\n\t\t\t\t\t\t<section class=\"elementor-section elementor-top-section elementor-element elementor-element-12e37f6 elementor-section-boxed elementor-section-height-default elementor-section-height-default\" data-id=\"12e37f6\" data-element_type=\"section\" data-e-type=\"section\">\n\t\t\t\t\t\t<div class=\"elementor-container elementor-column-gap-default\">\n\t\t\t\t\t<div class=\"elementor-column elementor-col-100 elementor-top-column elementor-element elementor-element-7b16eaf\" data-id=\"7b16eaf\" data-element_type=\"column\" data-e-type=\"column\">\n\t\t\t<div class=\"elementor-widget-wrap elementor-element-populated\">\n\t\t\t\t\t\t<div class=\"elementor-element elementor-element-33a1922 elementor-widget elementor-widget-heading\" data-id=\"33a1922\" data-element_type=\"widget\" data-e-type=\"widget\" data-widget_type=\"heading.default\">\n\t\t\t\t<div class=\"elementor-widget-container\">\n\t\t\t\t\t<h2 class=\"elementor-heading-title elementor-size-default\">MENTIONS LEGALES<\/h2>\t\t\t\t<\/div>\n\t\t\t\t<\/div>\n\t\t\t\t\t<\/div>\n\t\t<\/div>\n\t\t\t\t\t<\/div>\n\t\t<\/section>\n\t\t\t\t<section class=\"elementor-section elementor-top-section elementor-element elementor-element-f53f131 elementor-section-boxed elementor-section-height-default elementor-section-height-default\" data-id=\"f53f131\" data-element_type=\"section\" data-e-type=\"section\">\n\t\t\t\t\t\t<div class=\"elementor-container elementor-column-gap-default\">\n\t\t\t\t\t<div class=\"elementor-column elementor-col-100 elementor-top-column elementor-element elementor-element-9121719\" data-id=\"9121719\" data-element_type=\"column\" data-e-type=\"column\">\n\t\t\t<div class=\"elementor-widget-wrap elementor-element-populated\">\n\t\t\t\t\t\t<div class=\"elementor-element elementor-element-e3ff754 elementor-widget elementor-widget-text-editor\" data-id=\"e3ff754\" data-element_type=\"widget\" data-e-type=\"widget\" data-widget_type=\"text-editor.default\">\n\t\t\t\t<div class=\"elementor-widget-container\">\n\t\t\t\t\t\t\t\t\t<p><strong>Who are we :<\/strong><\/p><p class=\"translation-block\"><strong>ON-LIGHT Consulting SAS<\/strong>, a company incorporated under French law with a capital of 100,000 euros, having its registered office at SMO Biop\u00f4le Clermont-Limagne, rue M. Renaud, 63360 Saint Beauzire, registered under number 850 767 583 RCS Clermont-Ferrand. The company, also known by its trade name, ON-LIGHT SAS or simply ON-LIGHT, is represented by its President, Mr. Fateh SINGH and\/or Managing Director, Mr. Jerome DESCHAMPS.<\/p><p>\u00a0<\/p><p class=\"translation-block\"><strong>The website address is:<\/strong> http:\/\/on-light.fr<\/p><p>\u00a0<\/p><p><strong>Respect for privacy and personal data \u2013 Right to access and modify data concerning you<\/strong><\/p><p>You have the right to access, modify, rectify and delete data concerning you (art.34 of the law \"Informatique et Libert\u00e9s\" n\u00b0 78-17 of January 16, 1978). To exercise this right, contact:<\/p><p>ON-LIGHT, SMO Biopole Clermont-Limagne, Rue M. Renaud, 63360 Saint-Beauzire<\/p><p>\u00a0<\/p><p><strong>Use of cookies<\/strong><\/p><p class=\"translation-block\"><strong>ON-LIGHT<\/strong> may use \"cookies\". The cookie does not allow us to identify you but generally to collect information during your visit to our site. This lets us know which parts of our site are of most interest to you.<\/p><p>These \u201ccookies\u201d will also prevent you from having to provide information that has already been communicated each time, since they will remember that you have communicated this information to us at an earlier date.<\/p><p>You can oppose the registration of cookies by deactivating this function in your browser. You can also delete them, if necessary.<\/p><p>\u00a0<\/p>\t\t\t\t\t\t\t\t<\/div>\n\t\t\t\t<\/div>\n\t\t\t\t\t<\/div>\n\t\t<\/div>\n\t\t\t\t\t<\/div>\n\t\t<\/section>\n\t\t\t\t<\/div>","protected":false},"excerpt":{"rendered":"<p>MENTIONS LEGALES Qui sommes nous : ON-LIGHT Consulting SAS, soci\u00e9t\u00e9 de droit fran\u00e7ais au capital de 100 000 euros, ayant son si\u00e8ge social au SMO Biop\u00f4le Clermont-Limagne, rue M. Renaud, 63360 Saint Beauzire, immatricul\u00e9e sous le num\u00e9ro 850 767 583 RCS Clermont-Ferrand. La soci\u00e9t\u00e9, \u00e9galement connue sous son nom commercial, ON-LIGHT SAS ou simplement ON-LIGHT, [&hellip;]<\/p>\n","protected":false},"author":1,"featured_media":0,"parent":0,"menu_order":0,"comment_status":"closed","ping_status":"closed","template":"","meta":{"site-sidebar-layout":"no-sidebar","site-content-layout":"page-builder","ast-site-content-layout":"default","site-content-style":"default","site-sidebar-style":"default","ast-global-header-display":"","ast-banner-title-visibility":"","ast-main-header-display":"","ast-hfb-above-header-display":"","ast-hfb-below-header-display":"","ast-hfb-mobile-header-display":"","site-post-title":"disabled","ast-breadcrumbs-content":"","ast-featured-img":"disabled","footer-sml-layout":"","theme-transparent-header-meta":"","adv-header-id-meta":"","stick-header-meta":"","header-above-stick-meta":"","header-main-stick-meta":"","header-below-stick-meta":"","astra-migrate-meta-layouts":"default","ast-page-background-enabled":"default","ast-page-background-meta":{"desktop":{"background-color":"var(--ast-global-color-4)","background-image":"","background-repeat":"repeat","background-position":"center center","background-size":"auto","background-attachment":"scroll","background-type":"","background-media":"","overlay-type":"","overlay-color":"","overlay-opacity":"","overlay-gradient":""},"tablet":{"background-color":"","background-image":"","background-repeat":"repeat","background-position":"center center","background-size":"auto","background-attachment":"scroll","background-type":"","background-media":"","overlay-type":"","overlay-color":"","overlay-opacity":"","overlay-gradient":""},"mobile":{"background-color":"","background-image":"","background-repeat":"repeat","background-position":"center center","background-size":"auto","background-attachment":"scroll","background-type":"","background-media":"","overlay-type":"","overlay-color":"","overlay-opacity":"","overlay-gradient":""}},"ast-content-background-meta":{"desktop":{"background-color":"var(--ast-global-color-5)","background-image":"","background-repeat":"repeat","background-position":"center center","background-size":"auto","background-attachment":"scroll","background-type":"","background-media":"","overlay-type":"","overlay-color":"","overlay-opacity":"","overlay-gradient":""},"tablet":{"background-color":"var(--ast-global-color-5)","background-image":"","background-repeat":"repeat","background-position":"center center","background-size":"auto","background-attachment":"scroll","background-type":"","background-media":"","overlay-type":"","overlay-color":"","overlay-opacity":"","overlay-gradient":""},"mobile":{"background-color":"var(--ast-global-color-5)","background-image":"","background-repeat":"repeat","background-position":"center center","background-size":"auto","background-attachment":"scroll","background-type":"","background-media":"","overlay-type":"","overlay-color":"","overlay-opacity":"","overlay-gradient":""}},"footnotes":""},"class_list":["post-3861","page","type-page","status-publish","hentry"],"_links":{"self":[{"href":"https:\/\/on-light.fr\/en\/wp-json\/wp\/v2\/pages\/3861","targetHints":{"allow":["GET"]}}],"collection":[{"href":"https:\/\/on-light.fr\/en\/wp-json\/wp\/v2\/pages"}],"about":[{"href":"https:\/\/on-light.fr\/en\/wp-json\/wp\/v2\/types\/page"}],"author":[{"embeddable":true,"href":"https:\/\/on-light.fr\/en\/wp-json\/wp\/v2\/users\/1"}],"replies":[{"embeddable":true,"href":"https:\/\/on-light.fr\/en\/wp-json\/wp\/v2\/comments?post=3861"}],"version-history":[{"count":0,"href":"https:\/\/on-light.fr\/en\/wp-json\/wp\/v2\/pages\/3861\/revisions"}],"wp:attachment":[{"href":"https:\/\/on-light.fr\/en\/wp-json\/wp\/v2\/media?parent=3861"}],"curies":[{"name":"wp","href":"https:\/\/api.w.org\/{rel}","templated":true}]}}